{"id":7254,"date":"2023-03-14T03:05:10","date_gmt":"2023-03-14T03:05:10","guid":{"rendered":"https:\/\/www.airtradingroup.com\/es\/?page_id=7254"},"modified":"2023-11-16T16:30:04","modified_gmt":"2023-11-16T16:30:04","slug":"aprender-invertir-rentabilizar-es","status":"publish","type":"page","link":"https:\/\/www.airtradingroup.com\/es\/aprender-invertir-rentabilizar-es\/","title":{"rendered":"Webinar &#8211; APRENDA A INVERTIR EN LA BOLSA DE VALORES"},"content":{"rendered":"<p><main><\/p>\n<article id=\"banner\" class=\"py-2 pt-lg-4\">\n<div class=\"container-fluid\">\n<div class=\"row\">\n<article class=\"col-12 col-lg-8\">\n<div>\n<h1\n                            class=\"font-weight-bold text-center text-lg-left text-uppercase mb-md-3 my-1 mt-lg-5 text-white\"><br \/>\n                            Aprenda a invertir<br \/>\n                            <br class=\"d-none d-lg-block\"><br \/>\n                            de forma segura <br class=\"d-none d-lg-block\"> en los mercados financieros.<br \/>\n                        <\/h1>\n<\/p><\/div>\n<div class=\"date mt-2 mb-1\">\n<div class=\"row\">\n<div class=\"col-md-6\">\n<div class=\"date-card text-center text-md-left\">\n<div class=\"row align-items-center\">\n<div class=\"col-md-8\">\n<p class=\"date\">\n                                                28.11.2023 A LAS 19.00H\n                                            <\/p>\n<\/p><\/div>\n<div class=\"col-md-4 \">\n<p class=\"limited\" style=\"font-weight: 600;\">\n                                                EVENTO GRATUITO\n                                            <\/p>\n<\/p><\/div>\n<\/p><\/div>\n<\/p><\/div>\n<\/p><\/div>\n<\/p><\/div>\n<\/p><\/div>\n<\/article>\n<article class=\"col-lg-4\" id=\"js-form-container\">\n<div id=\"formV2\" class=\"course-form\">\n<p>                        <!-- form --><\/p>\n<div class=\"panel\">\n<div class=\"form-body bg-white d-flex flex-column\">\n<div class=\"row form-top text-center bg-blue mx-0\">\n<h6 class=\"text-white text-center font-weight-bold mt-2 mx-auto\">\n<p class=\"mb-0 mt-1\">Inicio del Workshop en:<\/p>\n<div id=\"timer\" class=\"h3 mb-1 text-white text-center font-weight-bold\">\n                                        <\/div>\n<\/h6><\/div>\n<div class=\"p-3 p-md-4\">\n                                    <span class=\"submit-label submit-btn-last\"\n                                        data-submit-lable=\"QUIERO INSCRIBIRME &#10140;\"><br \/>\n                                        <br \/>\n                                    <\/span>\n                                <\/div>\n<\/p><\/div>\n<\/p><\/div>\n<p>                        <!-- form --><\/p><\/div>\n<div id=\"js-mascara\" class=\"js-modal-bg-default\"><\/div>\n<\/article><\/div>\n<\/p><\/div>\n<\/article>\n<p><\/main><\/p>\n<article id=\"content-1\" class=\"p-4 bg-grey\">\n<div class=\"container\">\n<div class=\"row\">\n<header class=\"col-12\">\n<h3 class=\"font-weight-bold mb-5 mt-4 text-center text-blue text-uppercase\">\n                    Programa del workshop<br \/>\n                <\/h3>\n<\/header><\/div>\n<div class=\"row\">\n<div class=\"col-12\">\n<div class=\"slick\">\n<div class=\"col\">\n<article class=\"card text-center\">\n<figure>\n                                <img src=\"\/wp-content\/themes\/airtrading\/assets-lp-v2\/img\/money.png\"\n                                    class=\"mb-3 img-fluid\" \/><br \/>\n                            <\/figure>\n<p class=\"mb-0 px-2\"> &#8211; An\u00e1lisis de la situaci\u00f3n macroecon\u00f3mica.<br \/>\n                                <br class=\"d-none d-lg-block\"> &#8211; C\u00f3mo definir estrategias de inversi\u00f3n.\n                            <\/p>\n<\/article><\/div>\n<div class=\"col\">\n<article class=\"card text-center\">\n<figure>\n                                <img src=\"\/wp-content\/themes\/airtrading\/assets-lp-v2\/img\/analise.png\"\n                                    class=\"mb-3 img-fluid\" \/><br \/>\n                            <\/figure>\n<p class=\"mb-0 px-2\"> &#8211; Introducci\u00f3n al An\u00e1lisis T\u00e9cnico.<br class=\"d-none d-lg-block\"><br \/>\n                                &#8211; An\u00e1lisis de activos en tiempo real.<\/p>\n<\/article><\/div>\n<div class=\"col\">\n<article class=\"card text-center\">\n<figure>\n                                <img src=\"\/wp-content\/themes\/airtrading\/assets-lp-v2\/img\/coins.png\"\n                                    class=\"mb-3 img-fluid\" \/><br \/>\n                            <\/figure>\n<p class=\"mb-0 px-2\"> &#8211; Oferta exclusiva del programa de<br class=\"d-none d-lg-block\"><br \/>\n                                formaci\u00f3n AIR Trading.<\/p>\n<\/article><\/div>\n<\/p><\/div>\n<\/p><\/div>\n<\/p><\/div>\n<div class=\"row\">\n<div class=\"col-12 text-center\">\n                <a href=\"#\" class=\"btn btn-default btn-lg mt-3 open-form btn-mod btn-large btn-red strong\"><br \/>\n                    Quiero inscribirme &#10140;<br \/>\n                <\/a>\n            <\/div>\n<\/p><\/div>\n<\/p><\/div>\n<\/article>\n<article id=\"content-2\" class=\"p-4 bg-white\">\n<div class=\"container\">\n<div class=\"row\">\n<header class=\"col-12\">\n<h3 class=\"font-weight-bold my-4 text-center text-uppercase\">\n                    Aprenda con los mejores Formadores<br \/>\n                <\/h3>\n<\/header><\/div>\n<div class=\"row\">\n<div class=\"col-md-8 offset-md-2 mb-4\">\n                <a href=\"#yt\" class=\"yt-anchor\" title=\"Play Video\"\n                    data-yurl=\"https:\/\/www.youtube-nocookie.com\/embed\/ueNq442guc4\"><img\n                        src=\"\/wp-content\/themes\/airtrading\/assets-lp-v2\/img\/air-video.jpg\" class=\"img-fluid yt-img\"\n                        alt=\"Play video\"><\/a>\n            <\/div>\n<\/p><\/div>\n<div class=\"row\">\n<div class=\"col-12 my-3\">\n<div class=\"slick\">\n<div class=\"col text-center\">\n<div>\n                            <img class=\"mr-3\" src=\"\/wp-content\/themes\/airtrading\/assets-lp-v2\/img\/bernardo.webp\"\n                                style=\"width: 155px\">\n                        <\/div>\n<h6 class=\"mb-0 font-weight-bold mt-4\">\n                            Bernardo Barcelos<\/h6>\n<p>                        <small>Co-fundador Air Trading<\/small><\/p><\/div>\n<div class=\"col text-center\">\n<div>\n                            <img class=\"mr-3\" src=\"\/wp-content\/themes\/airtrading\/assets-lp-v2\/img\/bruno.webp\"\n                                style=\"width: 155px\">\n                        <\/div>\n<h6 class=\"mb-0 font-weight-bold mt-4\">\n                            Bruno Janeiro<\/h6>\n<p>                        <small>Co-fundador Air Trading<\/small><\/p><\/div>\n<\/p><\/div>\n<p class=\"text-center mt-4\">AIR Trading  presta servicios de formaci\u00f3n en operativa en los mercados financieros. Fundada a finales de 2019 por Bruno Janeiro y Bernardo Barcelos, da continuidad a un trabajo desarrollado por ambos desde 2014. Juntos suman m\u00e1s de 10 a\u00f1os de experiencia en el sector. Adem\u00e1s de la experiencia pr\u00e1ctica en trading acumulada a lo largo de los a\u00f1os, cuentan con m\u00e1s de 500 alumnos en sus formaciones.<\/p>\n<\/p><\/div>\n<\/p><\/div>\n<div class=\"row\">\n<div class=\"col-12 text-center\">\n                <a href=\"#\" class=\"btn btn-default btn-lg mt-2 open-form btn-mod btn-large btn-red strong\"><br \/>\n                    Asegurar mi plaza &#10140;<br \/>\n                <\/a>\n            <\/div>\n<\/p><\/div>\n<\/p><\/div>\n<\/article>\n<article id=\"content-3\" class=\"p-4 bg-grey\">\n<div class=\"container\">\n<div class=\"row\">\n<header class=\"col-12\">\n<h3 class=\"font-weight-bold mb-5 mt-4 text-center text-uppercase\">\n                   Air Trading ha creado este workshop pensando en sus necesidades<br \/>\n                <\/h3>\n<\/header><\/div>\n<div class=\"row\">\n<div class=\"col-12\">\n<div class=\"slick\">\n<div class=\"col text-center\">\n<article class=\"card p-3\">\n<header>\n                                <img src=\"\/wp-content\/themes\/airtrading\/assets-lp-v2\/img\/voice.png\" style=\"height:50px\"><\/p>\n<h5 class=\"text-blue text-center font-weight-bold mt-2\">Interactivo<\/h5>\n<\/header>\n<p class=\"mb-0\">Aclare todas sus dudas con los formadores.<\/p>\n<\/article><\/div>\n<div class=\"col text-center mb-3\">\n<article class=\"card p-3\">\n<header>\n                                <img src=\"\/wp-content\/themes\/airtrading\/assets-lp-v2\/img\/graphic.png\"\n                                    style=\"height:50px\"><\/p>\n<h5 class=\"text-blue text-center font-weight-bold mt-2\">En tiempo real<\/h5>\n<\/header>\n<p class=\"mb-0\">Evento online con an\u00e1lisis de activos en tiempo real.<\/p>\n<\/article><\/div>\n<div class=\"col text-center mb-3\">\n<article class=\"card p-3\">\n<header>\n                                <img src=\"\/wp-content\/themes\/airtrading\/assets-lp-v2\/img\/offer.png\" style=\"height:50px\"><\/p>\n<h5 class=\"text-blue text-center font-weight-bold mt-2\">Oferta exclusiva<br \/>\n                                <\/h5>\n<\/header>\n<p class=\"mb-0\">Acesso a oferta exclusiva de los programas de formaci\u00f3n de Air<br \/>\n                                Trading.<\/p>\n<\/article><\/div>\n<\/p><\/div>\n<\/p><\/div>\n<\/p><\/div>\n<div class=\"row\">\n<div class=\"col-12 text-center\">\n                <a href=\"#\" class=\"btn btn-default btn-lg mt-4 open-form btn-mod btn-large btn-red strong\"><br \/>\n                    Quiero inscribirme &#10140;<br \/>\n                <\/a>\n            <\/div>\n<\/p><\/div>\n<\/p><\/div>\n<\/article>\n<article id=\"content-4\" class=\"p-4\">\n<div class=\"container\">\n<div class=\"row\">\n<header class=\"col-12\">\n<h3 class=\"font-weight-bold mb-5 mt-4 text-center text-uppercase\">\n                    TESTIMONIOS<br \/>\n                <\/h3>\n<\/header><\/div>\n<div class=\"row\">\n<div class=\"col-12\">\n<div class=\"slick testmonials row\">\n<div class=\"col\">\n<article class=\"card p-3\">\n<p><span class=\"team-item-image\"><br \/>\n                                    <img\n                                        src=\"\/wp-content\/themes\/airtrading\/assets\/images\/testimonials\/Jaime-Garcia.webp\"><br \/>\n                                <\/span><strong>Jaime Garcia<\/strong> &mdash; <\/p>\n<blockquote><p>En Air Trading aprender\u00e1s cada d\u00eda gracias a sus webinars diarios, donde Bruno y Bernardo aportan su experiencia en inversi\u00f3n en Bolsa, el an\u00e1lisis t\u00e9cnico actualizado, su metodolog\u00eda y sobre todo sus consejos psicol\u00f3gicos.<br \/>\n                                No hay enga\u00f1os, nadie te va a decir que te vas a hacer rico de la noche a la ma\u00f1ana. Aqu\u00ed se busca la sostenibilidad y la rentabilidad de tu cuenta. Algo que, gracias a ellos, he podido conseguir tras m\u00e1s de 5 a\u00f1os invirtiendo. Pero el cambio de mentalidad lo tiene que dar cada persona y ellos est\u00e1n para ayudarte a conseguir un objetivo com\u00fan.<br \/>\n                                Personalmente, y cada d\u00eda lo tengo m\u00e1s claro, invertir en Air Trading est\u00e1 siendo la mejor decisi\u00f3n de cara a mis inversiones.\n                            <\/p><\/blockquote>\n<\/article><\/div>\n<div class=\"col\">\n<article class=\"card p-3\">\n<p>\n                                <span class=\"team-item-image\"><br \/>\n                                    <img\n                                        src=\"\/wp-content\/themes\/airtrading\/assets\/images\/testimonials\/Nacho-Fernandez.webp\"><br \/>\n                                <\/span><br \/>\n                                <strong>Nacho Fern\u00e1ndez<\/strong> &mdash;\n                            <\/p>\n<blockquote><p>Academia con mucho nivel y preparaci\u00f3n tanto para empezar como para seguir sus webinars, la recomiendo much\u00edsimo, yo estoy haciendo el curso de invertir en bolsa y te ayudan en todas las dudas que tengas personalmente, sin duda el mejor dinero invertido en una buena formaci\u00f3n.<\/p><\/blockquote>\n<\/article><\/div>\n<div class=\"col\">\n<article class=\"card p-3\">\n<p><span class=\"team-item-image\"><br \/>\n                                    <img\n                                        src=\"\/wp-content\/themes\/airtrading\/assets\/images\/testimonials\/Jose-Alfonso.webp\"><br \/>\n                                <\/span><strong>Jos\u00e9 Alfonso Martin<\/strong> &mdash; <\/p>\n<blockquote><p>Llevo m\u00e1s de 5 a\u00f1os operando, con los webinar que imparten Bruno y Bernardo,  en varios Brokers en los que han estado, son muy profesionales, pero desde que est\u00e1n en Air Trading, est\u00e1n consiguiendo la excelencia respecto a nosotros los asistentes a los webinar, ya que sus objetivos no es que hagamos muchas operaciones, sino que hagamos operaciones con \u00e9xito y lo est\u00e1n consiguiendo sobre todo conmigo, ya que incluso en operaciones que no salen bien, no se pierde dinero, porque sus an\u00e1lisis son casi perfectos. <\/p><\/blockquote>\n<\/article><\/div>\n<div class=\"col\">\n<article class=\"card p-3\">\n<p><span class=\"team-item-image\"><br \/>\n                                    <img\n                                        src=\"\/wp-content\/themes\/airtrading\/assets\/images\/testimonials\/Ismael-Sanchez.webp\"><br \/>\n                                <\/span><strong>Ismael S\u00e1nchez<\/strong> &mdash; <\/p>\n<blockquote><p>Llevo a\u00f1os utilizan sus servicios, y estoy muy contento. Me sirve cada d\u00eda para seguir mejorando en mi forma de operar. A diario asisto a los webinar con Bruno, y es s\u00faper recomendable para ver las tendencias del mercado.\n                            <\/p><\/blockquote>\n<\/article><\/div>\n<\/p><\/div>\n<\/p><\/div>\n<\/p><\/div>\n<\/p><\/div>\n<\/article>\n<p class=\"m-5\">&nbsp;<\/p>\n","protected":false},"excerpt":{"rendered":"<p>Aprenda a invertir de forma segura en los mercados financieros. EVENTO GRATUITO Inicio del Workshop en: Programa del workshop &#8211; An\u00e1lisis de la situaci\u00f3n macroecon\u00f3mica. &#8211; C\u00f3mo definir estrategias de inversi\u00f3n. &#8211; Introducci\u00f3n al An\u00e1lisis T\u00e9cnico. &#8211; An\u00e1lisis de activos en tiempo real. &#8211; Oferta exclusiva del programa de formaci\u00f3n AIR Trading. Quiero inscribirme &#10140;<\/p>\n","protected":false},"author":1,"featured_media":0,"parent":0,"menu_order":0,"comment_status":"closed","ping_status":"closed","template":"landing-page-v22-optimized-template.php","meta":[],"_links":{"self":[{"href":"https:\/\/www.airtradingroup.com\/es\/wp-json\/wp\/v2\/pages\/7254"}],"collection":[{"href":"https:\/\/www.airtradingroup.com\/es\/wp-json\/wp\/v2\/pages"}],"about":[{"href":"https:\/\/www.airtradingroup.com\/es\/wp-json\/wp\/v2\/types\/page"}],"author":[{"embeddable":true,"href":"https:\/\/www.airtradingroup.com\/es\/wp-json\/wp\/v2\/users\/1"}],"replies":[{"embeddable":true,"href":"https:\/\/www.airtradingroup.com\/es\/wp-json\/wp\/v2\/comments?post=7254"}],"version-history":[{"count":22,"href":"https:\/\/www.airtradingroup.com\/es\/wp-json\/wp\/v2\/pages\/7254\/revisions"}],"predecessor-version":[{"id":7477,"href":"https:\/\/www.airtradingroup.com\/es\/wp-json\/wp\/v2\/pages\/7254\/revisions\/7477"}],"wp:attachment":[{"href":"https:\/\/www.airtradingroup.com\/es\/wp-json\/wp\/v2\/media?parent=7254"}],"curies":[{"name":"wp","href":"https:\/\/api.w.org\/{rel}","templated":true}]}}