{"id":6943,"date":"2021-08-20T05:40:50","date_gmt":"2021-08-20T05:40:50","guid":{"rendered":"https:\/\/test.airtradingroup.com\/es\/?page_id=6943"},"modified":"2021-08-20T05:40:50","modified_gmt":"2021-08-20T05:40:50","slug":"politica-de-cookies","status":"publish","type":"page","link":"https:\/\/www.airtradingroup.com\/es\/politica-de-cookies\/","title":{"rendered":"Pol\u00edtica de Cookies"},"content":{"rendered":"<section class=\"page-section small-section bg-gray-lighter mt-60\" id=\"legal\">\n<div class=\"relative container align-left\">\n<div class=\"row\">\n<div class=\"col-md-8\">\n<h1 class=\"mb-10 mb-xs-0\">Pol\u00edtica de Cookies<\/h3>\n<\/p><\/div>\n<div class=\"col-md-4 mt-30\">\n<div class=\"mod-breadcrumbs font-alt align-right\">\n                    \u00a0\n                <\/div>\n<\/p><\/div>\n<\/p><\/div>\n<\/p><\/div>\n<\/section>\n<section class=\"page-section\">\n<div class=\"container relative\">\n<div class=\"row\">\n<p>            <!-- Content --><\/p>\n<div class=\"col-sm-8\">\n<h3>1. Pol\u00edtica de Cookies<\/h3>\n<p>Con el fin de proporcionar una mejor experiencia de navegaci\u00f3n y de utilizaci\u00f3n a sus usuarios, as\u00ed<br \/>\n                    como asegurar que todas las funcionalidades de su p\u00e1gina de internet se ejecutan debidamente, AIR<br \/>\n                    Harami &#8211; Forma\u00e7\u00e3o Lda utiliza cookies en su p\u00e1gina de Internet\u00a0<a\n                        href=\"http:\/\/www.airtradingroup.com\">www.airtradingroup.com<\/a>.<\/p>\n<p>La utilizaci\u00f3n de cookies, est\u00e1 sujeta a las disposiciones legales contenidas en la legislaci\u00f3n<br \/>\n                    identificada en el punto 2 de la presente Pol\u00edtica de Cookies. <\/p>\n<p>Para consultar m\u00e1s informaciones sobre AIR Harami &#8211; Forma\u00e7\u00e3o Lda y sobre la forma como se tratan las<br \/>\n                    informaciones de sus usuarios y clientes, consulte nuestra <a\n                        href=\"\/es\/proteccion-datos-personales\">Pol\u00edtica de Protecci\u00f3n de Datos Personales<\/a>.<\/p>\n<h3>2. Disposiciones aplicables al procesamiento de cookies<\/h3>\n<p>Sin perjuicio de las dem\u00e1s normas jur\u00eddicas aplicables, la utilizaci\u00f3n de las cookies y su respectivo<br \/>\n                    procesamiento, se rige por lo dispuesto en los siguientes diplomas:<\/p>\n<ul>\n<li>Reglamento (EU) 2016\/679 del Parlamento Europeo y del Consejo, de 27 de Abril de 2016, relativo<br \/>\n                        a la protecci\u00f3n de las personas f\u00edsicas en lo que se refiere al tratamiento de datos personales<br \/>\n                        y a la libre circulaci\u00f3n de datos personales;<\/li>\n<li>Ley n.\u00ba 58\/2019, de 8 de Agosto de 2019, que asegura la ejecuci\u00f3n, en el orden jur\u00eddico<br \/>\n                        nacional, del Reglamento (UE) 2016\/679 del Parlamento y del Consejo, de 27 de Abril de 2016;\n                    <\/li>\n<li>Directiva 2002\/58\/CE del Parlamento Europeo y del Consejo, de 12 de Julio de 2002, relativa al<br \/>\n                        tratamiento de datos personales y a la protecci\u00f3n de la privacidad en el sector de las<br \/>\n                        comunicaciones electr\u00f3nicas (Directiva relativa a la privacidad y a las comunicaciones<br \/>\n                        electr\u00f3nicas);<\/li>\n<li>Ley n.\u00ba 46\/2012 de 29 de Agosto, que traspone la Directiva n.\u00ba 2009\/136\/CE, en la parte que<br \/>\n                        altera la Directiva n.\u00ba 2002\/58\/CE, del Parlamento Europeo y del Consejo, de 12 de Julio.<\/li>\n<\/ul>\n<h3>3. \u00bfQu\u00e9 son cookies?<\/h3>\n<p>Las cookies son ficheros inform\u00e1ticos que contienen una secuencia de n\u00fameros y letras que permiten identificar de forma \u00fanica el dispositivo de acceso a internet de un Usuario, y que entre otras funcionalidades, pueden contener informaciones tales como las preferencias de navegaci\u00f3n de los usuarios. Las cookies se descargan a trav\u00e9s del navegador para el dispositivo de acceso a internet (ordenador, tel\u00e9fono m\u00f3vil, tableta, etc.) del Usuario cuando este accede a determinadas p\u00e1ginas de Internet.<\/p>\n<h3>4.\t\u00bfC\u00f3mo funcionan las cookies?<\/h3>\n<p>Las cookies son creadas cuando el Usuario accede a una p\u00e1gina de Internet a trav\u00e9s de su navegador. Al cargarse, la p\u00e1gina de Internet env\u00eda informaciones para el navegador, el cual crea un archivo de texto. Al volver a acceder a la p\u00e1gina, el navegador recupera y env\u00eda ese archivo de texto para el servidor donde esa p\u00e1gina se encuentra alojada. Las cookies se crean no solo por la p\u00e1gina de internet a que el Usuario acceda, sino tambi\u00e9n por otras p\u00e1ginas que exhiban anuncios, por widgets, o incluso por otros elementos presentes en las p\u00e1ginas. Entre otras funciones, las cookies regulan la forma c\u00f3mo se exhiben los anuncios o c\u00f3mo los widgets u otros elementos funcionan.<\/p>\n<h3>5.\tCookies: duraci\u00f3n, dominios y finalidades<\/h3>\n<p>Los cookies son clasificados por su ciclo de vida (duraci\u00f3n), por el dominio al que pertenecen, y por la finalidad a que se destinan.<\/p>\n<p>Relativamente al\u00a0<strong><u>ciclo de vida (duraci\u00f3n), <\/u><\/strong>\u00a0las cookies pueden ser:<\/p>\n<ul>\n<li><strong>Cookies persistentes <\/strong>\u00a0\u2013 cookies que son registradas en el dispositivo de acceso a internet del Usuario durante un determinado periodo.<\/li>\n<li><strong>Cookies de sesi\u00f3n <\/strong>\u00a0\u2013 cookies temporales y que tras el cierre del navegador del Usuario son apagadas de su dispositivo de acceso a internet.<\/li>\n<\/ul>\n<p>En relaci\u00f3n al <u>dominio<\/u> al que pertenecen, las cookies pueden ser:<\/p>\n<ul>\n<li><strong>Cookies propias (First party cookies)<\/strong>\u00a0\u2013 cookies que son descargadas por la p\u00e1gina de internet a la que el Usuario accede y que comparten el mismo dominio.<\/li>\n<li><strong>Cookies de sites terceros (Third party cookies) <\/strong>\u00a0\u2013 cookies que son descargadas para el dispositivo de acceso a internet del usuario por p\u00e1ginas de internet de un dominio diferente de aquel al que el Usuario accedi\u00f3 en primer lugar. Esto puede suceder, por ejemplo, en las p\u00e1ginas de internet que utilizan espacios reservados (banners) de publicidad de una tercera entidad.<\/li>\n<\/ul>\n<p>En cuanto a la <u>finalidad<\/u> a que se destinan, las cookies se pueden clasificar como:\n                <\/p>\n<ul>\n<li><strong>Necesarias <\/strong>\u00a0\u2013 cookies que se encuentran generalmente activas durante la sesi\u00f3n del Usuario, permitiendo identificarlo, y que son esenciales tanto para el funcionamiento de los servicios puestos a disposici\u00f3n en la p\u00e1gina de internet, como para la ejecuci\u00f3n de determinadas funcionalidades;<\/li>\n<li><strong>De performance <\/strong>\u00a0\u2013 cookies que se encuentran activas durante la sesi\u00f3n del Usuario, o que se encuentran activas de forma persistente, y que tienen como finalidad mejorar el rendimiento de la p\u00e1gina de internet, a trav\u00e9s del an\u00e1lisis de su utilizaci\u00f3n;<\/li>\n<li><strong>Funcionales <\/strong>\u00a0\u2013 cookies que se encuentran activas durante la sesi\u00f3n del Usuario, o que se encuentran activas de forma persistente, teniendo por objetivo permitir al Usuario una navegaci\u00f3n m\u00e1s eficiente e individualizada a trav\u00e9s del registro de las preferencias del usuario relativamente a la utilizaci\u00f3n da p\u00e1gina de internet; y<\/li>\n<li><strong>De publicidad <\/strong>\u00a0\u2013 cookies que se encuentran activas de forma persistente, y que tiene por finalidad direccionar los anuncios en funci\u00f3n de los intereses de cada Usuario, y adem\u00e1s de eso, limitan la cantidad de veces que el Usuario visualiza los anuncios, ayudando a medir la eficacia de la publicidad y el \u00e9xito de la organizaci\u00f3n de la p\u00e1gina de internet.<\/li>\n<\/ul>\n<h3>6.\tUtilizaci\u00f3n de cookies<\/h3>\n<p>AIR Harami &#8211; Forma\u00e7\u00e3o Lda utiliza cookies en su p\u00e1gina de internet, en\u00a0<a\n                        href=\"http:\/\/www.airtradingroup.com\">www.airtradingroup.com<\/a>\u00a0de acuerdo con el siguiente cuadro:\n                <\/p>\n<table width=\"100%\" class=\"table table-condensed table-bordered table-hover\">\n<tbody>\n<tr>\n<td width=\"19%\">\n<p><strong>Cookies ID<\/strong><\/p>\n<\/td>\n<td width=\"11%\">\n<p><strong>Dominio<\/strong><\/p>\n<\/td>\n<td width=\"11%\">\n<p><strong>Duraci\u00f3n<\/strong><\/p>\n<\/td>\n<td width=\"13%\">\n<p><strong>Finalidad<\/strong><\/p>\n<\/td>\n<td width=\"44%\">\n<p><strong>Descripci\u00f3n<\/strong><\/p>\n<\/td>\n<\/tr>\n<tr>\n<td width=\"19%\">\n<p>PHPSESSID<\/p>\n<\/td>\n<td width=\"11%\">\n<p>Propio<\/p>\n<\/td>\n<td width=\"11%\">\n<p>Sesi\u00f3n<\/p>\n<\/td>\n<td width=\"13%\">\n<p>Necesario<\/p>\n<\/td>\n<td width=\"44%\">\n<p>Esta cookie es nativa al PHP. La cookie se utiliza para identificar el ID de sesi\u00f3n de un usuario y para guardar la sesi\u00f3n del usuario, concretamente el idioma seleccionado.<\/p>\n<\/td>\n<\/tr>\n<tr>\n<td width=\"19%\">\n<p>_icl_current_language<\/p>\n<\/td>\n<td width=\"11%\">\n<p>Propio<\/p>\n<\/td>\n<td width=\"11%\">\n<p>24 horas<\/p>\n<\/td>\n<td width=\"13%\">\n<p>Funcionales<\/p>\n<\/td>\n<td width=\"44%\">\n<p>Esta cookie se define por plugin WPML WordPres y se usa con el prop\u00f3sito de almacenar el idioma actual del navegador del usuario<\/p>\n<\/td>\n<\/tr>\n<tr>\n<td width=\"19%\">\n<p>wpml_referer_url<\/p>\n<\/td>\n<td width=\"11%\">\n<p>Propio<\/p>\n<\/td>\n<td width=\"11%\">\n<p>24 horas<\/p>\n<\/td>\n<td width=\"13%\">\n<p>Funcionales<\/p>\n<\/td>\n<td width=\"44%\">\n<p>Esta cookie se define por plugin WPML WordPres y se usa para almacenar la \u00faltima URL solicitada en el front-end.<\/p>\n<\/td>\n<\/tr>\n<\/tbody>\n<\/table>\n<p>\u00a0<\/p>\n<h3>7.\tObtenci\u00f3n del consentimiento<\/h3>\n<p>De acuerdo con lo dispuesto en el n.\u00ba 3 do artigo 5.\u00ba de la Directiva 2002\/58\/CE del Parlamento Europeo y del Consejo, de 12 de Julio de 2002, as\u00ed como lo dispuesto \u00ednsito en el n.\u00ba 1 del art\u00edculo 5.\u00ba de la Ley n.\u00ba 46\/2012 de 29 de Agosto, en su actual redacci\u00f3n, <em>\u201cEl almacenamiento de informaciones y la posibilidad de acceso a la informaci\u00f3n almacenada en el equipamiento terminal de un abonado o usuario solo se permiten si estos hubiesen dado su consentimiento previo\u201d<\/em>. <\/p>\n<p>En estos t\u00e9rminos, y siguiendo igualmente las Orientaciones del Grupo de Trabajo del Art\u00edculo 29.\u00ba, la utilizaci\u00f3n de cookies y su procesamiento \u00fanicamente tendr\u00e1n lugar despu\u00e9s de que se haya obtenido el consentimiento del Usuario, el cual se podr\u00e1 manifestar por medio de una acci\u00f3n positiva e inequ\u00edvoca, concretamente la aceptaci\u00f3n de cookies. Una descripci\u00f3n sencilla, pero completa, debe estar disponible en la caja de di\u00e1logo visible para el Usuario, en la cual debe estar incluida igualmente, y por defecto, la configuraci\u00f3n opt-in. <\/p>\n<p>A la obtenci\u00f3n del consentimiento del usuario se le aplican las disposiciones contenidas en el Reglamento (EU) 2016\/679 del Parlamento Europeo y del Consejo, de 27 de Abril de 2016, consider\u00e1ndose solamente v\u00e1lido, el consentimiento que haya sido prestado a trav\u00e9s de \u201cuna manifestaci\u00f3n de voluntad, libre, espec\u00edfica, informada y expl\u00edcita, por la cual el titular de los datos acepta, mediante declaraci\u00f3n o acto positivo inequ\u00edvoco, que los datos personales que se refieren a \u00e9l sean objeto de tratamiento\u201d. <\/p>\n<p>En este sentido, la utilizaci\u00f3n de cookies solamente ser\u00e1 procedente una vez que se obtenga, conforme descrito, el consentimiento de los usuarios, prohibi\u00e9ndose la utilizaci\u00f3n de cookies en todos los dem\u00e1s casos, m\u00e1s all\u00e1 de las cookies estrictamente necesarias para el funcionamiento de la p\u00e1gina de internet de AIR Harami &#8211; Forma\u00e7\u00e3o Lda.<\/p>\n<h3>8. Gesti\u00f3n de cookies<\/h3>\n<p>Adem\u00e1s de las opciones contenidas en el gestor de cookies de la p\u00e1gina de internet de AIR Harami &#8211; Forma\u00e7\u00e3o Lda, el Usuario podr\u00e1 bloquear o restringir el uso de cookies a trav\u00e9s de las configuraciones de los navegadores que usa, y en cada dispositivo que utiliza para acceder a Internet. Al limitar la utilizaci\u00f3n de cookies, el Usuario deber\u00e1 estar atento al hecho de que esto podr\u00e1 dificultar la experiencia de navegaci\u00f3n y, en \u00faltimo t\u00e9rmino, impedir que ciertas funcionalidades sean ejecutadas correctamente. <\/p>\n<p>Para proceder a la gesti\u00f3n de las cookies utilizando un navegador de internet, el usuario deber\u00e1 tener en cuenta las siguientes instrucciones:<\/p>\n<ul>\n<li><strong>Internet<\/strong><strong>Explorer<\/strong>: Ferramentas -> Op\u00e7\u00f5es de Internet -><br \/>\n                        Privacidade -> Configura\u00e7\u00e3o. Para mais informa\u00e7\u00f5es, pode consultar o suporte da<br \/>\n                        Microsoft ou a Ajuda do navegador.<\/li>\n<li><strong>Firefox<\/strong>: Herramientas -> Opciones -> Privacidad -> Historial -> Configuraci\u00f3n Personalizada. Para m\u00e1s informaciones, puede consultar la asistencia de Mozilla o la Ayuda del navegador. <\/li>\n<li><strong>Chrome<\/strong>: Configuraci\u00f3n -> Mostrar opciones avanzadas -> Privacidad -> Configuraci\u00f3n de contenido. Para m\u00e1s informaciones, puede consultar el centro de ayuda de Google o la Ayuda del navegador.<\/li>\n<li><strong>Safari<\/strong>: Herramientas -> Opciones -> Privacidad -> Historial -> Configuraci\u00f3n Personalizada. Para m\u00e1s informaciones, puede consultar la asistencia de Mozilla o la Ayuda del navegador. <\/li>\n<\/ul>\n<h3>9.\tBotones para las redes sociales<\/h3>\n<p>La p\u00e1gina de internet de AIR Harami &#8211; Forma\u00e7\u00e3o Lda utiliza botones para redes sociales. Al hacer clic sobre estos botones, el usuario ser\u00e1 reencaminado para la red social correspondiente al \u00edcono exhibido. Los botones para las redes sociales pueden registrar la informaci\u00f3n relativa a las actividades que el Usuario realice, incluyendo el registro de acceso a la rede social en cuesti\u00f3n a partir da p\u00e1gina de internet de AIR Harami &#8211; Forma\u00e7\u00e3o Lda.  El usuario deber\u00e1 analizar las condiciones de utilizaci\u00f3n y  las pol\u00edticas de protecci\u00f3n de datos personales de estas redes sociales para obtener la informaci\u00f3n necesaria relativamente a los t\u00e9rminos del tratamiento de sus datos personales.<\/p>\n<h3>10.\tAlteraciones a la Pol\u00edtica de Cookies<\/h3>\n<p>AIR Harami &#8211; Forma\u00e7\u00e3o Lda se reserva el derecho de actualizar su pol\u00edtica de cookies. Siempre que esto suceda, la actualizaci\u00f3n o alteraci\u00f3n a la presente Pol\u00edtica se publicar\u00e1 en esta p\u00e1gina.<\/p>\n<p>En caso de duda relativamente a la presente pol\u00edtica de cookies, cont\u00e1ctenos a trav\u00e9s de \u00a0<a href=\"mailto:info@airtradingroup.com\">info@airtradingroup.com<\/a>.<\/p>\n<\/p><\/div>\n<p>            <!-- End Content --><\/p>\n<p>            <!-- Sidebar --><\/p>\n<div class=\"col-sm-4 col-md-3 sidebar col-md-offset-1\">\n                \u00a0\n            <\/div>\n<p>            <!-- End Sidebar -->\n        <\/div>\n<\/p><\/div>\n<\/section>\n","protected":false},"excerpt":{"rendered":"<p>Pol\u00edtica de Cookies \u00a0 1. Pol\u00edtica de Cookies Con el fin de proporcionar una mejor experiencia de navegaci\u00f3n y de utilizaci\u00f3n a sus usuarios, as\u00ed como asegurar que todas las funcionalidades de su p\u00e1gina de internet se ejecutan debidamente, AIR Harami &#8211; Forma\u00e7\u00e3o Lda utiliza cookies en su p\u00e1gina de Internet\u00a0www.airtradingroup.com. La utilizaci\u00f3n de cookies,<\/p>\n","protected":false},"author":1,"featured_media":0,"parent":0,"menu_order":0,"comment_status":"closed","ping_status":"closed","template":"","meta":[],"_links":{"self":[{"href":"https:\/\/www.airtradingroup.com\/es\/wp-json\/wp\/v2\/pages\/6943"}],"collection":[{"href":"https:\/\/www.airtradingroup.com\/es\/wp-json\/wp\/v2\/pages"}],"about":[{"href":"https:\/\/www.airtradingroup.com\/es\/wp-json\/wp\/v2\/types\/page"}],"author":[{"embeddable":true,"href":"https:\/\/www.airtradingroup.com\/es\/wp-json\/wp\/v2\/users\/1"}],"replies":[{"embeddable":true,"href":"https:\/\/www.airtradingroup.com\/es\/wp-json\/wp\/v2\/comments?post=6943"}],"version-history":[{"count":1,"href":"https:\/\/www.airtradingroup.com\/es\/wp-json\/wp\/v2\/pages\/6943\/revisions"}],"predecessor-version":[{"id":6944,"href":"https:\/\/www.airtradingroup.com\/es\/wp-json\/wp\/v2\/pages\/6943\/revisions\/6944"}],"wp:attachment":[{"href":"https:\/\/www.airtradingroup.com\/es\/wp-json\/wp\/v2\/media?parent=6943"}],"curies":[{"name":"wp","href":"https:\/\/api.w.org\/{rel}","templated":true}]}}